{"id":182,"date":"2022-01-30T10:48:26","date_gmt":"2022-01-30T10:48:26","guid":{"rendered":"http:\/\/www.seving.pl\/?page_id=182"},"modified":"2022-01-31T01:45:50","modified_gmt":"2022-01-31T01:45:50","slug":"opinie-klientow","status":"publish","type":"page","link":"https:\/\/seving.pl\/index.php\/opinie-klientow\/","title":{"rendered":"OPINIE KLIENT\u00d3W"},"content":{"rendered":"<div class=\"ti-widget ti-goog\" data-layout-id=\"39\" data-set-id=\"light-background\" data-pid=\"b5167179c03e50ec942cb\" data-pager-autoplay-timeout=\"6\" > <div class=\"ti-widget-container ti-col-3\"> <div class=\"ti-reviews-container\"> <div class=\"ti-controls\"> <div class=\"ti-next\"><\/div> <div class=\"ti-prev\"><\/div> <\/div> <div class=\"ti-reviews-container-wrapper\">  <div class=\"ti-review-item source-Google\" > <div class=\"ti-inner\"> <div class=\"ti-review-content\"> <div class=\"ti-stars\"><span class=\"ti-star f\"><\/span><span class=\"ti-star f\"><\/span><span class=\"ti-star f\"><\/span><span class=\"ti-star f\"><\/span><span class=\"ti-star f\"><\/span><\/div> <div class=\"ti-review-text\"> <!-- R-CONTENT -->\u015awietny fachowiec, ogarn\u0105\u0142 maszyn\u0119 z kt\u00f3r\u0105 od pocz\u0105tku by\u0142y problemy. Kr\u00f3tki termin i cena moim zdaniem bardzo przyst\u0119pna.Polecam!<mark class=\"ti-highlight\"><\/mark><!-- R-CONTENT --> <\/div> <\/div> <\/div> <div class=\"ti-review-header\"> <div class=\"ti-profile-img\"> <img src=\"https:\/\/lh3.googleusercontent.com\/a\/AATXAJxwmxasKEZdV8-sa6Ll2Y64SEOJwlvAW9nTrSDS=s120-c-c-rp-w64-h64-mo-br100\" alt=\"Marta Kwiatkowska\" \/> <\/div> <div class=\"ti-profile-details\"> <div class=\"ti-name\">Marta Kwiatkowska<\/div> <div class=\"ti-date\">2022-01-08<\/div> <\/div> <\/div> <\/div>  <div class=\"ti-review-item source-Google\" > <div class=\"ti-inner\"> <div class=\"ti-review-content\"> <div class=\"ti-stars\"><span class=\"ti-star f\"><\/span><span class=\"ti-star f\"><\/span><span class=\"ti-star f\"><\/span><span class=\"ti-star f\"><\/span><span class=\"ti-star f\"><\/span><\/div> <div class=\"ti-review-text\"> <!-- R-CONTENT -->Mi\u0142y Pan, kt\u00f3ry przyjedzie uratowa\u0107 Twoj\u0105 maszyn\u0119 w Twoim domu.\nSzybko i solidnie \ud83d\ude0a<!-- R-CONTENT --> <\/div> <\/div> <\/div> <div class=\"ti-review-header\"> <div class=\"ti-profile-img\"> <img src=\"https:\/\/lh3.googleusercontent.com\/a-\/AOh14GgZOeRQnNk0JTF5uEunWpvfcThG_oLYEOAO5S4ysA=s120-c-c-rp-w64-h64-mo-br100\" alt=\"Ewa Szczypiorska\" \/> <\/div> <div class=\"ti-profile-details\"> <div class=\"ti-name\">Ewa Szczypiorska<\/div> <div class=\"ti-date\">2021-11-08<\/div> <\/div> <\/div> <\/div>  <div class=\"ti-review-item source-Google\" > <div class=\"ti-inner\"> <div class=\"ti-review-content\"> <div class=\"ti-stars\"><span class=\"ti-star f\"><\/span><span class=\"ti-star f\"><\/span><span class=\"ti-star f\"><\/span><span class=\"ti-star f\"><\/span><span class=\"ti-star f\"><\/span><\/div> <div class=\"ti-review-text\"> <!-- R-CONTENT -->Szybko, fachowo, kulturalnie i tanio. Polecam. A tak w og\u00f3le, to kto\u015b jeszcze interesuje si\u0119 szyciem, czy ju\u017c wszyscy przep\u0142acaj\u0105 w odzie\u017cowych?<!-- R-CONTENT --> <\/div> <\/div> <\/div> <div class=\"ti-review-header\"> <div class=\"ti-profile-img\"> <img src=\"https:\/\/lh3.googleusercontent.com\/a\/AATXAJxJU6bji7cZfRnngPio51Qiu-YAmDY0zkRZ_VUH=s120-c-c-rp-w64-h64-mo-ba3-br100\" alt=\"Im\u0107 Pan\" \/> <\/div> <div class=\"ti-profile-details\"> <div class=\"ti-name\">Im\u0107 Pan<\/div> <div class=\"ti-date\">2021-07-04<\/div> <\/div> <\/div> <\/div>  <\/div> <div class=\"ti-controls-dots\"> <div class=\"dot active\"><\/div> <\/div> <\/div> <div class=\"ti-footer\"> <div class=\"ti-rating-text\"> <span class=\"nowrap\">Og\u00f3lna ocena <strong>Google<\/strong> <\/span><span class=\"nowrap\"><strong>4.5<\/strong>\/5, <\/span><span class=\"nowrap\">na podstawie <strong>6 opinii<\/strong>.<\/span> <\/div> <\/div> <\/div> <\/div>\n\n\n\n<p><\/p>\n","protected":false},"excerpt":{"rendered":"","protected":false},"author":1,"featured_media":0,"parent":0,"menu_order":0,"comment_status":"closed","ping_status":"closed","template":"page-templates\/template-fullwidth.php","meta":{"om_disable_all_campaigns":false,"_mi_skip_tracking":false,"footnotes":""},"aioseo_notices":[],"_links":{"self":[{"href":"https:\/\/seving.pl\/index.php\/wp-json\/wp\/v2\/pages\/182"}],"collection":[{"href":"https:\/\/seving.pl\/index.php\/wp-json\/wp\/v2\/pages"}],"about":[{"href":"https:\/\/seving.pl\/index.php\/wp-json\/wp\/v2\/types\/page"}],"author":[{"embeddable":true,"href":"https:\/\/seving.pl\/index.php\/wp-json\/wp\/v2\/users\/1"}],"replies":[{"embeddable":true,"href":"https:\/\/seving.pl\/index.php\/wp-json\/wp\/v2\/comments?post=182"}],"version-history":[{"count":1,"href":"https:\/\/seving.pl\/index.php\/wp-json\/wp\/v2\/pages\/182\/revisions"}],"predecessor-version":[{"id":183,"href":"https:\/\/seving.pl\/index.php\/wp-json\/wp\/v2\/pages\/182\/revisions\/183"}],"wp:attachment":[{"href":"https:\/\/seving.pl\/index.php\/wp-json\/wp\/v2\/media?parent=182"}],"curies":[{"name":"wp","href":"https:\/\/api.w.org\/{rel}","templated":true}]}}