{"id":3,"date":"2022-01-11T21:39:40","date_gmt":"2022-01-11T21:39:40","guid":{"rendered":"http:\/\/www.seving.pl\/?page_id=3"},"modified":"2026-04-08T10:46:05","modified_gmt":"2026-04-08T10:46:05","slug":"privacy-policy","status":"publish","type":"page","link":"https:\/\/seving.pl\/index.php\/privacy-policy\/","title":{"rendered":"Polityka prywatno\u015bci"},"content":{"rendered":"\n<h2 class=\"wp-block-heading\"><font dir=\"auto\" style=\"vertical-align: inherit;\"><font dir=\"auto\" style=\"vertical-align: inherit;\">Kim jeste\u015bmy<\/font><\/font><\/h2>\n\n\n\n<p><font dir=\"auto\" style=\"vertical-align: inherit;\"><font dir=\"auto\" style=\"vertical-align: inherit;\">Adres naszej strony internetowej to: https:\/\/seving.pl.<\/font><\/font><\/p>\n\n\n\n<h2 class=\"wp-block-heading\"><font dir=\"auto\" style=\"vertical-align: inherit;\"><font dir=\"auto\" style=\"vertical-align: inherit;\">Jakie dane osobowe zbieramy i dlaczego je zbieramy<\/font><\/font><\/h2>\n\n\n\n<h3 class=\"wp-block-heading\"><font dir=\"auto\" style=\"vertical-align: inherit;\"><font dir=\"auto\" style=\"vertical-align: inherit;\">Uwagi<\/font><\/font><\/h3>\n\n\n\n<p><font dir=\"auto\" style=\"vertical-align: inherit;\"><font dir=\"auto\" style=\"vertical-align: inherit;\">Kiedy odwiedzaj\u0105cy zostawiaj\u0105 komentarze w witrynie, zbieramy dane widoczne w formularzu komentowania, a tak\u017ce adres IP odwiedzaj\u0105cego i ci\u0105g agenta u\u017cytkownika przegl\u0105darki, aby pom\u00f3c w wykrywaniu spamu.<\/font><\/font><\/p>\n\n\n\n<p><font dir=\"auto\" style=\"vertical-align: inherit;\"><font dir=\"auto\" style=\"vertical-align: inherit;\">Zanonimizowany ci\u0105g utworzony na podstawie Twojego adresu e-mail (nazywany r\u00f3wnie\u017c hashem) mo\u017ce zosta\u0107 przes\u0142any do us\u0142ugi Gravatar w celu sprawdzenia, czy z niej korzystasz. Polityka prywatno\u015bci us\u0142ugi Gravatar jest dost\u0119pna tutaj: https:\/\/automattic.com\/privacy\/. Po zatwierdzeniu komentarza, Twoje zdj\u0119cie profilowe b\u0119dzie widoczne publicznie w kontek\u015bcie Twojego komentarza.<\/font><\/font><\/p>\n\n\n\n<h3 class=\"wp-block-heading\"><font dir=\"auto\" style=\"vertical-align: inherit;\"><font dir=\"auto\" style=\"vertical-align: inherit;\">G\u0142oska bezd\u017awi\u0119czna<\/font><\/font><\/h3>\n\n\n\n<p><font dir=\"auto\" style=\"vertical-align: inherit;\"><font dir=\"auto\" style=\"vertical-align: inherit;\">Je\u015bli przesy\u0142asz na stron\u0119 obrazy, unikaj przesy\u0142ania obraz\u00f3w z osadzonymi danymi lokalizacji (EXIF GPS). Odwiedzaj\u0105cy stron\u0119 mog\u0105 pobra\u0107 i wyodr\u0119bni\u0107 dowolne dane lokalizacji z obraz\u00f3w w witrynie.<\/font><\/font><\/p>\n\n\n\n<h3 class=\"wp-block-heading\"><font dir=\"auto\" style=\"vertical-align: inherit;\"><font dir=\"auto\" style=\"vertical-align: inherit;\">Formularze kontaktowe<\/font><\/font><\/h3>\n\n\n\n<h3 class=\"wp-block-heading\"><font dir=\"auto\" style=\"vertical-align: inherit;\"><font dir=\"auto\" style=\"vertical-align: inherit;\">Ciastka<\/font><\/font><\/h3>\n\n\n\n<p><font dir=\"auto\" style=\"vertical-align: inherit;\"><font dir=\"auto\" style=\"vertical-align: inherit;\">Je\u015bli zostawisz komentarz na naszej stronie, mo\u017cesz wyrazi\u0107 zgod\u0119 na zapisanie swojego imienia, adresu e-mail i adresu witryny w plikach cookie. S\u0142u\u017c\u0105 one Twojej wygodzie, dzi\u0119ki czemu nie musisz ponownie wype\u0142nia\u0107 swoich danych, gdy b\u0119dziesz zostawia\u0107 kolejny komentarz. Te pliki cookie b\u0119d\u0105 dzia\u0142a\u0107 przez rok.<\/font><\/font><\/p>\n\n\n\n<p><font dir=\"auto\" style=\"vertical-align: inherit;\"><font dir=\"auto\" style=\"vertical-align: inherit;\">Je\u015bli odwiedzisz nasz\u0105 stron\u0119 logowania, ustawimy tymczasowy plik cookie, aby sprawdzi\u0107, czy Twoja przegl\u0105darka akceptuje pliki cookie. Ten plik cookie nie zawiera \u017cadnych danych osobowych i zostanie usuni\u0119ty po zamkni\u0119ciu przegl\u0105darki.<\/font><\/font><\/p>\n\n\n\n<p><font dir=\"auto\" style=\"vertical-align: inherit;\"><font dir=\"auto\" style=\"vertical-align: inherit;\">Po zalogowaniu ustawimy r\u00f3wnie\u017c kilka plik\u00f3w cookie, aby zapisa\u0107 Twoje dane logowania i wybrane ustawienia wy\u015bwietlania ekranu. Pliki cookie logowania s\u0105 aktywne przez dwa dni, a pliki cookie opcji ekranu \u2013 przez rok. Je\u015bli zaznaczysz opcj\u0119 \u201eZapami\u0119taj mnie\u201d, Twoje dane logowania b\u0119d\u0105 przechowywane przez dwa tygodnie. Je\u015bli wylogujesz si\u0119 z konta, pliki cookie logowania zostan\u0105 usuni\u0119te.<\/font><\/font><\/p>\n\n\n\n<p><font dir=\"auto\" style=\"vertical-align: inherit;\"><font dir=\"auto\" style=\"vertical-align: inherit;\">Je\u015bli edytujesz lub publikujesz artyku\u0142, w Twojej przegl\u0105darce zostanie zapisany dodatkowy plik cookie. Ten plik cookie nie zawiera \u017cadnych danych osobowych i wskazuje jedynie identyfikator edytowanego artyku\u0142u. Wygasa po 1 dniu.<\/font><\/font><\/p>\n\n\n\n<h3 class=\"wp-block-heading\"><font dir=\"auto\" style=\"vertical-align: inherit;\"><font dir=\"auto\" style=\"vertical-align: inherit;\">Osadzone tre\u015bci z innych witryn internetowych<\/font><\/font><\/h3>\n\n\n\n<p><font dir=\"auto\" style=\"vertical-align: inherit;\"><font dir=\"auto\" style=\"vertical-align: inherit;\">Artyku\u0142y na tej stronie mog\u0105 zawiera\u0107 osadzone tre\u015bci (np. filmy, obrazy, artyku\u0142y itp.). Osadzone tre\u015bci z innych witryn zachowuj\u0105 si\u0119 dok\u0142adnie tak samo, jakby u\u017cytkownik odwiedzi\u0142 dan\u0105 witryn\u0119.<\/font><\/font><\/p>\n\n\n\n<p><font dir=\"auto\" style=\"vertical-align: inherit;\"><font dir=\"auto\" style=\"vertical-align: inherit;\">Te witryny mog\u0105 zbiera\u0107 dane o Tobie, u\u017cywa\u0107 plik\u00f3w cookie, osadza\u0107 dodatkowe narz\u0119dzia \u015bledzenia stron trzecich i monitorowa\u0107 Twoj\u0105 interakcj\u0119 z osadzon\u0105 tre\u015bci\u0105, w tym \u015bledzi\u0107 Twoj\u0105 interakcj\u0119 z osadzon\u0105 tre\u015bci\u0105, je\u015bli masz konto i jeste\u015b zalogowany w tej witrynie.<\/font><\/font><\/p>\n\n\n\n<h3 class=\"wp-block-heading\"><font dir=\"auto\" style=\"vertical-align: inherit;\"><font dir=\"auto\" style=\"vertical-align: inherit;\">Analityka<\/font><\/font><\/h3>\n\n\n\n<h2 class=\"wp-block-heading\"><font dir=\"auto\" style=\"vertical-align: inherit;\"><font dir=\"auto\" style=\"vertical-align: inherit;\">Z kim dzielimy si\u0119 Twoimi danymi<\/font><\/font><\/h2>\n\n\n\n<h2 class=\"wp-block-heading\"><font dir=\"auto\" style=\"vertical-align: inherit;\"><font dir=\"auto\" style=\"vertical-align: inherit;\">Jak d\u0142ugo przechowujemy Twoje dane<\/font><\/font><\/h2>\n\n\n\n<p><font dir=\"auto\" style=\"vertical-align: inherit;\"><font dir=\"auto\" style=\"vertical-align: inherit;\">Je\u015bli zostawisz komentarz, komentarz i jego metadane b\u0119d\u0105 przechowywane bezterminowo. Dzi\u0119ki temu mo\u017cemy automatycznie rozpoznawa\u0107 i zatwierdza\u0107 kolejne komentarze, zamiast trzyma\u0107 je w kolejce do moderacji.<\/font><\/font><\/p>\n\n\n\n<p><font dir=\"auto\" style=\"vertical-align: inherit;\"><font dir=\"auto\" style=\"vertical-align: inherit;\">W przypadku u\u017cytkownik\u00f3w, kt\u00f3rzy zarejestruj\u0105 si\u0119 na naszej stronie internetowej (je\u015bli takowi istniej\u0105), przechowujemy r\u00f3wnie\u017c dane osobowe podane przez nich w profilu u\u017cytkownika. Ka\u017cdy u\u017cytkownik mo\u017ce w dowolnym momencie przegl\u0105da\u0107, edytowa\u0107 lub usuwa\u0107 swoje dane osobowe (z wyj\u0105tkiem nazwy u\u017cytkownika, kt\u00f3rej nie mo\u017cna zmieni\u0107). Administratorzy strony internetowej r\u00f3wnie\u017c mog\u0105 przegl\u0105da\u0107 i edytowa\u0107 te dane.<\/font><\/font><\/p>\n\n\n\n<h2 class=\"wp-block-heading\"><font dir=\"auto\" style=\"vertical-align: inherit;\"><font dir=\"auto\" style=\"vertical-align: inherit;\">Jakie prawa masz do swoich danych<\/font><\/font><\/h2>\n\n\n\n<p><font dir=\"auto\" style=\"vertical-align: inherit;\"><font dir=\"auto\" style=\"vertical-align: inherit;\">Je\u015bli masz konto na tej stronie lub zostawi\u0142e\u015b komentarze, mo\u017cesz poprosi\u0107 o wyeksportowanie pliku z danymi osobowymi, kt\u00f3re przechowujemy na Tw\u00f3j temat, w tym danymi, kt\u00f3re nam przekaza\u0142e\u015b. Mo\u017cesz r\u00f3wnie\u017c poprosi\u0107 o usuni\u0119cie wszelkich danych osobowych, kt\u00f3re przechowujemy na Tw\u00f3j temat. Nie dotyczy to danych, kt\u00f3re jeste\u015bmy zobowi\u0105zani przechowywa\u0107 ze wzgl\u0119d\u00f3w administracyjnych, prawnych lub bezpiecze\u0144stwa.<\/font><\/font><\/p>\n\n\n\n<h2 class=\"wp-block-heading\"><font dir=\"auto\" style=\"vertical-align: inherit;\"><font dir=\"auto\" style=\"vertical-align: inherit;\">Gdzie wysy\u0142amy Twoje dane<\/font><\/font><\/h2>\n\n\n\n<p><font dir=\"auto\" style=\"vertical-align: inherit;\"><font dir=\"auto\" style=\"vertical-align: inherit;\">Komentarze go\u015bci mog\u0105 by\u0107 sprawdzane za pomoc\u0105 automatycznej us\u0142ugi wykrywania spamu.<\/font><\/font><\/p>\n\n\n\n<h2 class=\"wp-block-heading\"><font dir=\"auto\" style=\"vertical-align: inherit;\"><font dir=\"auto\" style=\"vertical-align: inherit;\">Twoje dane kontaktowe<\/font><\/font><\/h2>\n\n\n\n<h2 class=\"wp-block-heading\"><font dir=\"auto\" style=\"vertical-align: inherit;\"><font dir=\"auto\" style=\"vertical-align: inherit;\">Informacje dodatkowe<\/font><\/font><\/h2>\n\n\n\n<h3 class=\"wp-block-heading\"><font dir=\"auto\" style=\"vertical-align: inherit;\"><font dir=\"auto\" style=\"vertical-align: inherit;\">Jak chronimy Twoje dane<\/font><\/font><\/h3>\n\n\n\n<h3 class=\"wp-block-heading\"><font dir=\"auto\" style=\"vertical-align: inherit;\"><font dir=\"auto\" style=\"vertical-align: inherit;\">Jakie procedury w przypadku naruszenia danych mamy wdro\u017cone<\/font><\/font><\/h3>\n\n\n\n<h3 class=\"wp-block-heading\"><font dir=\"auto\" style=\"vertical-align: inherit;\"><font dir=\"auto\" style=\"vertical-align: inherit;\">Od jakich stron trzecich otrzymujemy dane<\/font><\/font><\/h3>\n\n\n\n<h3 class=\"wp-block-heading\"><font dir=\"auto\" style=\"vertical-align: inherit;\"><font dir=\"auto\" style=\"vertical-align: inherit;\">Jakie zautomatyzowane podejmowanie decyzji i\/lub profilowanie przeprowadzamy na podstawie danych u\u017cytkownika<\/font><\/font><\/h3>\n\n\n\n<h3 class=\"wp-block-heading\"><font dir=\"auto\" style=\"vertical-align: inherit;\"><font dir=\"auto\" style=\"vertical-align: inherit;\">Wymagania regulacyjne dotycz\u0105ce ujawniania informacji w bran\u017c<\/font><\/font>y<\/h3>\n","protected":false},"excerpt":{"rendered":"<p>Kim jeste\u015bmy Adres naszej strony internetowej to: https:\/\/seving.pl. Jakie dane osobowe zbieramy i dlaczego je zbieramy Uwagi Kiedy odwiedzaj\u0105cy zostawiaj\u0105 komentarze w witrynie, zbieramy dane widoczne w formularzu komentowania, a tak\u017ce adres IP odwiedzaj\u0105cego i ci\u0105g agenta u\u017cytkownika przegl\u0105darki, aby pom\u00f3c w wykrywaniu spamu. Zanonimizowany ci\u0105g utworzony na podstawie Twojego [&hellip;]<\/p>\n","protected":false},"author":1,"featured_media":0,"parent":0,"menu_order":0,"comment_status":"closed","ping_status":"closed","template":"","meta":{"om_disable_all_campaigns":false,"_mi_skip_tracking":false,"footnotes":""},"aioseo_notices":[],"_links":{"self":[{"href":"https:\/\/seving.pl\/index.php\/wp-json\/wp\/v2\/pages\/3"}],"collection":[{"href":"https:\/\/seving.pl\/index.php\/wp-json\/wp\/v2\/pages"}],"about":[{"href":"https:\/\/seving.pl\/index.php\/wp-json\/wp\/v2\/types\/page"}],"author":[{"embeddable":true,"href":"https:\/\/seving.pl\/index.php\/wp-json\/wp\/v2\/users\/1"}],"replies":[{"embeddable":true,"href":"https:\/\/seving.pl\/index.php\/wp-json\/wp\/v2\/comments?post=3"}],"version-history":[{"count":4,"href":"https:\/\/seving.pl\/index.php\/wp-json\/wp\/v2\/pages\/3\/revisions"}],"predecessor-version":[{"id":700,"href":"https:\/\/seving.pl\/index.php\/wp-json\/wp\/v2\/pages\/3\/revisions\/700"}],"wp:attachment":[{"href":"https:\/\/seving.pl\/index.php\/wp-json\/wp\/v2\/media?parent=3"}],"curies":[{"name":"wp","href":"https:\/\/api.w.org\/{rel}","templated":true}]}}