{"id":35,"date":"2022-01-16T09:35:26","date_gmt":"2022-01-16T09:35:26","guid":{"rendered":"http:\/\/www.seving.pl\/?page_id=35"},"modified":"2026-04-12T20:19:49","modified_gmt":"2026-04-12T20:19:49","slug":"strona-glowna","status":"publish","type":"page","link":"https:\/\/seving.pl\/","title":{"rendered":"Strona g\u0142\u00f3wna"},"content":{"rendered":"\n<div class=\"wp-block-cover alignfull is-light hestia-clear-top-padding\"><span aria-hidden=\"true\" class=\"wp-block-cover__background has-white-background-color has-background-dim-100 has-background-dim\"><\/span><div class=\"wp-block-cover__inner-container is-layout-flow wp-block-cover-is-layout-flow\">\n<h2 class=\"wp-block-heading has-text-align-center has-text-color\" style=\"color:#3c4858\">What we stand for<\/h2>\n\n\n\n<div style=\"height:40px\" aria-hidden=\"true\" class=\"wp-block-spacer\"><\/div>\n\n\n\n<div class=\"wp-block-columns container is-layout-flex wp-container-4 wp-block-columns-is-layout-flex\">\n<div class=\"wp-block-column is-layout-flow wp-block-column-is-layout-flow\"><div class=\"wp-block-image\">\n<figure class=\"aligncenter size-large\"><img decoding=\"async\" src=\"https:\/\/seving.pl\/wp-content\/themes\/hestia\/assets\/img\/feat1.png\" alt=\"\" class=\"wp-image-70\"\/><\/figure><\/div>\n\n\n<h5 class=\"wp-block-heading has-text-align-center has-text-color\" style=\"color:#3c4858;font-size:18px\">Responsive<\/h5>\n\n\n\n<p class=\"has-text-align-center has-text-color\" style=\"color:#999999;font-size:14px\">Lorem ipsum dolor sit amet, consectetur adipiscing elit, sed do eiusmod tempor incididunt ut labore et dolore magna aliqua.<\/p>\n\n\n\n<div style=\"height:25px\" aria-hidden=\"true\" class=\"wp-block-spacer\"><\/div>\n<\/div>\n\n\n\n<div class=\"wp-block-column is-layout-flow wp-block-column-is-layout-flow\"><div class=\"wp-block-image\">\n<figure class=\"aligncenter size-large\"><img decoding=\"async\" src=\"https:\/\/seving.pl\/wp-content\/themes\/hestia\/assets\/img\/feat2.png\" alt=\"\" class=\"wp-image-71\"\/><\/figure><\/div>\n\n\n<h5 class=\"wp-block-heading has-text-align-center has-text-color\" style=\"color:#3c4858;font-size:18px\">Quality<\/h5>\n\n\n\n<p class=\"has-text-align-center has-text-color\" style=\"color:#999999;font-size:14px\">Lorem ipsum dolor sit amet, consectetur adipiscing elit, sed do eiusmod tempor incididunt ut labore et dolore magna aliqua.<\/p>\n\n\n\n<div style=\"height:25px\" aria-hidden=\"true\" class=\"wp-block-spacer\"><\/div>\n<\/div>\n\n\n\n<div class=\"wp-block-column is-layout-flow wp-block-column-is-layout-flow\"><div class=\"wp-block-image\">\n<figure class=\"aligncenter size-large\"><img decoding=\"async\" src=\"https:\/\/seving.pl\/wp-content\/themes\/hestia\/assets\/img\/feat3.png\" alt=\"\" class=\"wp-image-72\"\/><\/figure><\/div>\n\n\n<h5 class=\"wp-block-heading has-text-align-center has-text-color\" style=\"color:#3c4858;font-size:18px\">Support<\/h5>\n\n\n\n<p class=\"has-text-align-center has-text-color\" style=\"color:#999999;font-size:14px\">Lorem ipsum dolor sit amet, consectetur adipiscing elit, sed do eiusmod tempor incididunt ut labore et dolore magna aliqua.<\/p>\n\n\n\n<div style=\"height:25px\" aria-hidden=\"true\" class=\"wp-block-spacer\"><\/div>\n<\/div>\n<\/div>\n\n\n\n<div style=\"height:40px\" aria-hidden=\"true\" class=\"wp-block-spacer\"><\/div>\n<\/div><\/div>\n\n\n\n<div class=\"wp-block-columns container is-layout-flex wp-container-7 wp-block-columns-is-layout-flex\">\n<div class=\"wp-block-column is-layout-flow wp-block-column-is-layout-flow\">\n<h2 class=\"wp-block-heading\">Naprawa maszyn do szycia B\u0119dzin | Serwis domowych i przemys\u0142owych \u2013 Seving<\/h2>\n\n\n\n<h2 class=\"wp-block-heading\">\ud83d\udfe2 wst\u0119p<\/h2>\n\n\n\n<ul>\n<li>Oferujemy <strong>profesjonaln\u0105 napraw\u0119 maszyn do szycia w B\u0119dzinie<\/strong> oraz okolicach, zar\u00f3wno dla klient\u00f3w indywidualnych, jak i firm. <strong>Od ponad 30 lat zajmujemy si\u0119 serwisem maszyn do szycia, dlatego<\/strong> zapewniamy szybkie i skuteczne naprawy wszystkich marek i modeli.<\/li>\n<\/ul>\n\n\n\n<ul>\n<li>Nasz serwis obejmuje diagnostyk\u0119, naprawy mechaniczne, regulacj\u0119 oraz konserwacj\u0119 maszyn. <strong>Dzi\u0119ki temu<\/strong> jeste\u015bmy w stanie usun\u0105\u0107 zar\u00f3wno drobne usterki, jak i powa\u017cniejsze awarie.<\/li>\n<\/ul>\n\n\n\n<ul>\n<li>Siedziba naszej firmy znajduje si\u0119 w B\u0119dzinie przy ul. Ma\u0142achowskiego 8. <strong>Ponadto<\/strong> obs\u0142ugujemy klient\u00f3w z pobliskich miast, takich jak Sosnowiec, D\u0105browa G\u00f3rnicza, Czelad\u017a, Siewierz, Katowice oraz Mys\u0142owice.<\/li>\n<\/ul>\n\n\n\n<ul>\n<li>Je\u015bli szukasz sprawdzonego serwisu, <strong>skontaktuj si\u0119 z Seving<\/strong>, a pomo\u017cemy szybko rozwi\u0105za\u0107 problem.<\/li>\n<\/ul>\n<\/div>\n<\/div>\n\n\n\n<h2 class=\"wp-block-heading\">\ud83d\udfe2 Us\u0142ugi naprawy maszyn do szycia<\/h2>\n\n\n\n<p>Oferujemy kompleksowy serwis maszyn do szycia. <strong>Dodatkowo<\/strong> zapewniamy:<\/p>\n\n\n\n<p>      \/naprawa-maszyn-domowych<br>      \/naprawa-maszyn-przemyslowych<br>      \/serwis-overlock<br>      \/serwis-singer<br>      \/serwis-brother<\/p>\n\n\n\n<p>naprawy mechaniczne i regulacje<\/p>\n\n\n\n<ul>\n<li>czyszczenie i konserwacj\u0119<\/li>\n\n\n\n<li>wymian\u0119 cz\u0119\u015bci i podzespo\u0142\u00f3w<\/li>\n\n\n\n<li>diagnostyk\u0119 usterek<\/li>\n\n\n\n<li>serwis maszyn domowych i przemys\u0142owych<\/li>\n<\/ul>\n\n\n\n<p><strong>Co wi\u0119cej<\/strong>, korzystamy z wysokiej jako\u015bci cz\u0119\u015bci, co wp\u0142ywa na trwa\u0142o\u015b\u0107 napraw.<\/p>\n\n\n\n<h2 class=\"wp-block-heading\">\ud83d\udfe2 Dlaczego warto wybra\u0107 nasz serwis<\/h2>\n\n\n\n<ul>\n<li>Wybieraj\u0105c nasz serwis, <strong>masz pewno\u015b\u0107, \u017ce Twoja maszyna b\u0119dzie w dobrych r\u0119kach<\/strong>. <strong>Dzi\u0119ki ponad 30 latom do\u015bwiadczenia<\/strong> w naprawach maszyn do szycia, gwarantujemy fachow\u0105 i skuteczn\u0105 obs\u0142ug\u0119.<\/li>\n<\/ul>\n\n\n\n<ul>\n<li><strong>Co wi\u0119cej<\/strong>, oferujemy <strong>szybk\u0105 realizacj\u0119 napraw<\/strong>, aby\u015b jak najszybciej m\u00f3g\u0142 korzysta\u0107 ze swojego sprz\u0119tu. <strong>Ponadto<\/strong> zapewniamy <strong>uczciwe ceny<\/strong> oraz <strong>indywidualne podej\u015bcie do ka\u017cdego klienta<\/strong>, bo rozumiemy, \u017ce ka\u017cda maszyna i ka\u017cda sytuacja s\u0105 inne.<\/li>\n<\/ul>\n\n\n\n<ul>\n<li><strong>Dodatkowo<\/strong>, jeste\u015bmy <strong>lokaln\u0105 firm\u0105 z B\u0119dzina<\/strong>, wi\u0119c mo\u017cesz liczy\u0107 na bezpo\u015bredni kontakt i \u0142atwy dojazd do naszego serwisu.<\/li>\n<\/ul>\n\n\n\n<h2 class=\"wp-block-heading\">\ud83d\udfe2 LOKALIZACJA<\/h2>\n\n\n\n<ul>\n<li>Je\u015bli szukasz specjalisty od <strong>naprawy maszyn do szycia w B\u0119dzinie<\/strong>, dobrze trafi\u0142e\u015b. <strong>Dzi\u0119ki naszej lokalizacji przy ul. Ma\u0142achowskiego 8<\/strong>, kontakt z nami jest szybki, a obs\u0142uga klient\u00f3w z ca\u0142ego regionu wygodna i komfortowa.<\/li>\n<\/ul>\n\n\n\n<p><strong>Ponadto<\/strong>, obs\u0142ugujemy maszyny z pobliskich miast, w tym:<\/p>\n\n\n\n<p>naprawa maszyn do szycia B\u0119dzin<br>serwis maszyn do szycia Sosnowiec<br>naprawa Singer B\u0119dzin<br>serwis Janome \/ Brother \u015al\u0105sk<\/p>\n\n\n\n<p><strong>Co wi\u0119cej<\/strong>, lokalna obecno\u015b\u0107 pozwala nam reagowa\u0107 szybko i skutecznie na ka\u017cd\u0105 usterk\u0119, a nasi klienci z regionu mog\u0105 liczy\u0107 na indywidualne podej\u015bcie.<\/p>\n\n\n\n<h2 class=\"wp-block-heading\">Kontakt i naprawa maszyn<\/h2>\n\n\n\n<p>Chcesz, aby Twoja maszyna do szycia dzia\u0142a\u0142a jak nowa? <strong>Ju\u017c dzi\u015b<\/strong> <a href=\"https:\/\/www.seving.pl\/index.php\/kontakt\/\">skontaktuj si\u0119 z Seving<\/a> i um\u00f3w napraw\u0119 w B\u0119dzinie lub okolicach.<\/p>\n\n\n\n<p><strong>Dla dodatkowej wiedzy technicznej<\/strong> warto odwiedzi\u0107 strony producent\u00f3w lub bran\u017cowe poradniki:<\/p>\n\n\n\n<ul>\n<li><a>Instrukcja obs\u0142ugi maszyn Singer<\/a><\/li>\n\n\n\n<li><a href=\"https:\/\/www.brother-usa.com\/support\">Instrukcja obs\u0142ugi maszyn Brother<\/a><\/li>\n\n\n\n<li><a>Jak dba\u0107 o maszyn\u0119 do szycia \u2013 poradnik<\/a><\/li>\n<\/ul>\n\n\n\n<p><strong>Co wi\u0119cej<\/strong>, skontaktuj si\u0119 z nami ju\u017c dzi\u015b pod numerem tel. 604503635.<\/p>\n\n\n\n<p>Odwied\u017a nas w B\u0119dzinie \u2013 Ma\u0142achowskiego 8 lub zadzwo\u0144.<\/p>\n\n\n\n<p><strong>Dzi\u0119ki temu<\/strong> szybko przywr\u00f3cimy Twoj\u0105 maszyn\u0119 do pe\u0142nej sprawno\u015bci.<\/p>\n\n\n\n<figure class=\"wp-block-embed is-type-rich is-provider-obsluga-osadzania wp-block-embed-obsluga-osadzania wp-embed-aspect-16-9 wp-has-aspect-ratio\"><div class=\"wp-block-embed__wrapper\">\n<iframe loading=\"lazy\" title=\"Serwis maszyn do szycia B\u0119dzin Seving\" width=\"750\" height=\"422\" src=\"https:\/\/www.youtube.com\/embed\/SX2FKGOlhso?feature=oembed\" frameborder=\"0\" allow=\"accelerometer; autoplay; clipboard-write; encrypted-media; gyroscope; picture-in-picture; web-share\" referrerpolicy=\"strict-origin-when-cross-origin\" allowfullscreen><\/iframe>\n<\/div><figcaption class=\"wp-element-caption\">serwis maszyn do szycia B\u0119dzin<\/figcaption><\/figure>\n","protected":false},"excerpt":{"rendered":"<p>Naprawa maszyn do szycia B\u0119dzin | Serwis domowych i przemys\u0142owych \u2013 Seving \ud83d\udfe2 wst\u0119p \ud83d\udfe2 Us\u0142ugi naprawy maszyn do szycia Oferujemy kompleksowy serwis maszyn do szycia. Dodatkowo zapewniamy: \/naprawa-maszyn-domowych \/naprawa-maszyn-przemyslowych \/serwis-overlock \/serwis-singer \/serwis-brother naprawy mechaniczne i regulacje Co wi\u0119cej, korzystamy z wysokiej jako\u015bci cz\u0119\u015bci, co wp\u0142ywa na trwa\u0142o\u015b\u0107 napraw. \ud83d\udfe2 [&hellip;]<\/p>\n","protected":false},"author":1,"featured_media":0,"parent":0,"menu_order":0,"comment_status":"closed","ping_status":"closed","template":"","meta":{"om_disable_all_campaigns":false,"_mi_skip_tracking":false,"footnotes":""},"aioseo_notices":[],"_links":{"self":[{"href":"https:\/\/seving.pl\/index.php\/wp-json\/wp\/v2\/pages\/35"}],"collection":[{"href":"https:\/\/seving.pl\/index.php\/wp-json\/wp\/v2\/pages"}],"about":[{"href":"https:\/\/seving.pl\/index.php\/wp-json\/wp\/v2\/types\/page"}],"author":[{"embeddable":true,"href":"https:\/\/seving.pl\/index.php\/wp-json\/wp\/v2\/users\/1"}],"replies":[{"embeddable":true,"href":"https:\/\/seving.pl\/index.php\/wp-json\/wp\/v2\/comments?post=35"}],"version-history":[{"count":19,"href":"https:\/\/seving.pl\/index.php\/wp-json\/wp\/v2\/pages\/35\/revisions"}],"predecessor-version":[{"id":805,"href":"https:\/\/seving.pl\/index.php\/wp-json\/wp\/v2\/pages\/35\/revisions\/805"}],"wp:attachment":[{"href":"https:\/\/seving.pl\/index.php\/wp-json\/wp\/v2\/media?parent=35"}],"curies":[{"name":"wp","href":"https:\/\/api.w.org\/{rel}","templated":true}]}}