{"id":36,"date":"2022-01-16T09:35:26","date_gmt":"2022-01-16T09:35:26","guid":{"rendered":"http:\/\/www.seving.pl\/?page_id=36"},"modified":"2022-01-31T00:52:01","modified_gmt":"2022-01-31T00:52:01","slug":"kontakt","status":"publish","type":"page","link":"https:\/\/seving.pl\/index.php\/kontakt\/","title":{"rendered":"Kontakt"},"content":{"rendered":"\n<div class=\"wp-block-columns alignfull is-layout-flex wp-container-2 wp-block-columns-is-layout-flex\">\n<div class=\"wp-block-column is-layout-flow wp-block-column-is-layout-flow\">\n<iframe src=\"https:\/\/www.google.com\/maps\/embed?pb=!1m18!1m12!1m3!1d2547.2558661629123!2d19.130573915726913!3d50.32447747945827!2m3!1f0!2f0!3f0!3m2!1i1024!2i768!4f13.1!3m3!1m2!1s0x4716d0987240e9bb%3A0xc1e8a0adbc919fcf!2sStanis%C5%82awa%20Ma%C5%82achowskiego%208%2C%2042-500%20B%C4%99dzin!5e0!3m2!1spl!2spl!4v1643457574589!5m2!1spl!2spl\" width=\"100%\" height=\"400\" style=\"border:0;\" allowfullscreen=\"\" loading=\"lazy\"><\/iframe>\n\n\n\n<p><\/p>\n<\/div>\n<\/div>\n\n\n\n<div class=\"wp-block-columns container is-layout-flex wp-container-9 wp-block-columns-is-layout-flex\">\n<div class=\"wp-block-column is-vertically-aligned-center is-layout-flow wp-block-column-is-layout-flow\">\n<h2 class=\"hestia-title wp-block-heading\" id=\"wyslij-wiadomosc\">WY\u015aLIJ WIADOMO\u015a\u0106 <\/h2>\n\n\n\n<div style=\"height:40px\" aria-hidden=\"true\" class=\"wp-block-spacer\"><\/div>\n\n\n\n<div class=\"contact-wrapper\">\n\t\t\t\t\t\t\t\t\t\t\t\t\t\t\t\t\t\t\t<div class=\"content\">\n\t\t\t\n\t\t\t  <form>\n\t\t\t   <div class=\"form-group\">\n\t\t\t    <input type=\"text\" id=\"fname\" name=\"firstname\" placeholder=\"IMI\u0118\">\n\t\t\t<\/div>\n\t\t\t<div class=\"form-group\">\n <input type=\"text\" id=\"fname\" name=\"firstname\" placeholder=\"IMI\u0118\">\n\t\t\t<\/div>\n\t\t\t<div class=\"form-group\">\n\t\t\t    <input type=\"text\" id=\"lname\" name=\"TEMAT\" placeholder=\"TW\u00d3J EMAIL\/ NR TELEFONU\">\n\t\t\t<\/div>\n\t\t\t<div class=\"form-group\">\n\t\t\t    <textarea id=\"subject\" name=\"subject\" placeholder=\"TRE\u015a\u0106 WIADOMO\u015aCI\" style=\"height:200px\"><\/textarea>\n\t\t\t<\/div>\n\t\t\t    <input type=\"submit\" value=\"WY\u015aLIJ\">\n\t\t\t\n\t\t\t  <\/form>\n\t\t\t<\/div>\n\t\t\t<\/div>\n<\/div>\n\n\n\n<div class=\"wp-block-column is-vertically-aligned-center is-layout-flow wp-block-column-is-layout-flow\">\n<div class=\"wp-block-columns is-layout-flex wp-container-7 wp-block-columns-is-layout-flex\">\n<div class=\"wp-block-column is-layout-flow wp-block-column-is-layout-flow\"><\/div>\n\n\n\n<div class=\"wp-block-column is-layout-flow wp-block-column-is-layout-flow\" style=\"flex-basis:50%\">\n<h4 class=\"has-text-align-center hestia-title has-text-color wp-block-heading\" id=\"lokalizacja\" style=\"color:#3c4858;font-size:18px\"><img decoding=\"async\" class=\"wp-image-86\" style=\"width: 25px;\" src=\"https:\/\/seving.pl\/wp-content\/themes\/hestia\/assets\/img\/contact1.png\" alt=\"Map icon\">  <strong>LOKALIZACJA<\/strong><\/h4>\n\n\n\n<p class=\"has-text-align-center has-text-color\" style=\"color:#999999\"><strong>NAPRAWA Z DOJAZDEM DO KLIENTA NA TERENIE \u015aL\u0104SKA<\/strong><\/p>\n\n\n\n<div style=\"height:40px\" aria-hidden=\"true\" class=\"wp-block-spacer\"><\/div>\n\n\n\n<h4 class=\"has-text-align-center hestia-title has-text-color wp-block-heading\" id=\"telefon\" style=\"color:#3c4858;font-size:18px\"><img decoding=\"async\" class=\"wp-image-98\" style=\"width: 25px;\" src=\"https:\/\/seving.pl\/wp-content\/themes\/hestia\/assets\/img\/contact2.png\" alt=\"\">  <strong><strong>TELEFON<\/strong><\/strong><\/h4>\n\n\n\n<p class=\"has-text-align-center has-text-color\" style=\"color:#999999\"><strong>Robert Sinoracki<\/strong><\/p>\n\n\n\n<p class=\"has-text-align-center has-text-color\" style=\"color:#999999\"><strong>604-503-635<br><\/strong><\/p>\n\n\n\n<div style=\"height:40px\" aria-hidden=\"true\" class=\"wp-block-spacer\"><\/div>\n<\/div>\n\n\n\n<div class=\"wp-block-column is-layout-flow wp-block-column-is-layout-flow\"><\/div>\n<\/div>\n<\/div>\n<\/div>\n\n\n\n<figure class=\"wp-block-gallery has-nested-images columns-default is-cropped wp-block-gallery-10 is-layout-flex wp-block-gallery-is-layout-flex\">\n<figure class=\"wp-block-image size-large is-style-rounded\"><img decoding=\"async\" loading=\"lazy\" width=\"1024\" height=\"401\" data-id=\"178\" src=\"https:\/\/seving.pl\/wp-content\/uploads\/2022\/01\/rt-1-1024x401.jpg\" alt=\"\" class=\"wp-image-178\" srcset=\"https:\/\/seving.pl\/wp-content\/uploads\/2022\/01\/rt-1-1024x401.jpg 1024w, https:\/\/seving.pl\/wp-content\/uploads\/2022\/01\/rt-1-300x118.jpg 300w, https:\/\/seving.pl\/wp-content\/uploads\/2022\/01\/rt-1-768x301.jpg 768w, https:\/\/seving.pl\/wp-content\/uploads\/2022\/01\/rt-1-1536x602.jpg 1536w, https:\/\/seving.pl\/wp-content\/uploads\/2022\/01\/rt-1-2048x803.jpg 2048w\" sizes=\"(max-width: 1024px) 100vw, 1024px\" \/><\/figure>\n<\/figure>\n","protected":false},"excerpt":{"rendered":"<p>WY\u015aLIJ WIADOMO\u015a\u0106 LOKALIZACJA NAPRAWA Z DOJAZDEM DO KLIENTA NA TERENIE \u015aL\u0104SKA TELEFON Robert Sinoracki 604-503-635<\/p>\n","protected":false},"author":1,"featured_media":28,"parent":0,"menu_order":1,"comment_status":"closed","ping_status":"closed","template":"page-templates\/template-pagebuilder-full-width.php","meta":{"om_disable_all_campaigns":false,"_mi_skip_tracking":false,"footnotes":""},"aioseo_notices":[],"_links":{"self":[{"href":"https:\/\/seving.pl\/index.php\/wp-json\/wp\/v2\/pages\/36"}],"collection":[{"href":"https:\/\/seving.pl\/index.php\/wp-json\/wp\/v2\/pages"}],"about":[{"href":"https:\/\/seving.pl\/index.php\/wp-json\/wp\/v2\/types\/page"}],"author":[{"embeddable":true,"href":"https:\/\/seving.pl\/index.php\/wp-json\/wp\/v2\/users\/1"}],"replies":[{"embeddable":true,"href":"https:\/\/seving.pl\/index.php\/wp-json\/wp\/v2\/comments?post=36"}],"version-history":[{"count":14,"href":"https:\/\/seving.pl\/index.php\/wp-json\/wp\/v2\/pages\/36\/revisions"}],"predecessor-version":[{"id":180,"href":"https:\/\/seving.pl\/index.php\/wp-json\/wp\/v2\/pages\/36\/revisions\/180"}],"wp:featuredmedia":[{"embeddable":true,"href":"https:\/\/seving.pl\/index.php\/wp-json\/wp\/v2\/media\/28"}],"wp:attachment":[{"href":"https:\/\/seving.pl\/index.php\/wp-json\/wp\/v2\/media?parent=36"}],"curies":[{"name":"wp","href":"https:\/\/api.w.org\/{rel}","templated":true}]}}